{"id":2709,"date":"2023-09-20T16:17:07","date_gmt":"2023-09-20T16:17:07","guid":{"rendered":"https:\/\/dreamcooking.pt\/?page_id=2709"},"modified":"2023-09-20T16:40:28","modified_gmt":"2023-09-20T16:40:28","slug":"evite-estes-erros-e-deixe-os-armarios-da-cozinha-a-brilhar","status":"publish","type":"page","link":"https:\/\/dreamcooking.pt\/?page_id=2709","title":{"rendered":"Evite estes erros e deixe os arm\u00e1rios da cozinha a brilhar"},"content":{"rendered":"\t\t<div data-elementor-type=\"wp-page\" data-elementor-id=\"2709\" class=\"elementor elementor-2709\">\n\t\t\t\t\t\t<section class=\"elementor-section elementor-top-section elementor-element elementor-element-6c919acc elementor-section-height-min-height elementor-section-boxed elementor-section-height-default elementor-section-items-middle wpr-particle-no wpr-jarallax-no wpr-parallax-no wpr-sticky-section-no wpr-equal-height-no\" data-id=\"6c919acc\" data-element_type=\"section\" data-e-type=\"section\" data-settings=\"{&quot;background_background&quot;:&quot;classic&quot;,&quot;shape_divider_bottom&quot;:&quot;opacity-tilt&quot;}\">\n\t\t\t\t\t\t\t<div class=\"elementor-background-overlay\"><\/div>\n\t\t\t\t\t\t<div class=\"elementor-shape elementor-shape-bottom\" aria-hidden=\"true\" data-negative=\"false\">\n\t\t\t<svg xmlns=\"http:\/\/www.w3.org\/2000\/svg\" viewBox=\"0 0 2600 131.1\" preserveAspectRatio=\"none\">\n\t<path class=\"elementor-shape-fill\" d=\"M0 0L2600 0 2600 69.1 0 0z\"\/>\n\t<path class=\"elementor-shape-fill\" style=\"opacity:0.5\" d=\"M0 0L2600 0 2600 69.1 0 69.1z\"\/>\n\t<path class=\"elementor-shape-fill\" style=\"opacity:0.25\" d=\"M2600 0L0 0 0 130.1 2600 69.1z\"\/>\n<\/svg>\t\t<\/div>\n\t\t\t\t\t<div class=\"elementor-container elementor-column-gap-default\">\n\t\t\t\t\t<div class=\"elementor-column elementor-col-100 elementor-top-column elementor-element elementor-element-3a906c6d\" data-id=\"3a906c6d\" data-element_type=\"column\" data-e-type=\"column\">\n\t\t\t<div class=\"elementor-widget-wrap elementor-element-populated\">\n\t\t\t\t\t\t<div class=\"elementor-element elementor-element-4c7b78c5 elementor-widget elementor-widget-heading\" data-id=\"4c7b78c5\" data-element_type=\"widget\" data-e-type=\"widget\" data-widget_type=\"heading.default\">\n\t\t\t\t<div class=\"elementor-widget-container\">\n\t\t\t\t\t<h1 class=\"elementor-heading-title elementor-size-default\"><br>Not\u00edcias<\/h1>\t\t\t\t<\/div>\n\t\t\t\t<\/div>\n\t\t\t\t<div class=\"elementor-element elementor-element-44d7f436 elementor-widget-divider--view-line elementor-widget elementor-widget-divider\" data-id=\"44d7f436\" data-element_type=\"widget\" data-e-type=\"widget\" data-widget_type=\"divider.default\">\n\t\t\t\t<div class=\"elementor-widget-container\">\n\t\t\t\t\t\t\t<div class=\"elementor-divider\">\n\t\t\t<span class=\"elementor-divider-separator\">\n\t\t\t\t\t\t<\/span>\n\t\t<\/div>\n\t\t\t\t\t\t<\/div>\n\t\t\t\t<\/div>\n\t\t\t\t\t<\/div>\n\t\t<\/div>\n\t\t\t\t\t<\/div>\n\t\t<\/section>\n\t\t\t\t<section class=\"elementor-section elementor-top-section elementor-element elementor-element-54715aed elementor-section-boxed elementor-section-height-default elementor-section-height-default wpr-particle-no wpr-jarallax-no wpr-parallax-no wpr-sticky-section-no wpr-equal-height-no\" data-id=\"54715aed\" data-element_type=\"section\" data-e-type=\"section\">\n\t\t\t\t\t\t<div class=\"elementor-container elementor-column-gap-default\">\n\t\t\t\t\t<div class=\"elementor-column elementor-col-100 elementor-top-column elementor-element elementor-element-61e91f88\" data-id=\"61e91f88\" data-element_type=\"column\" data-e-type=\"column\">\n\t\t\t<div class=\"elementor-widget-wrap elementor-element-populated\">\n\t\t\t\t\t\t<div class=\"elementor-element elementor-element-4e8eeb28 elementor-widget elementor-widget-text-editor\" data-id=\"4e8eeb28\" data-element_type=\"widget\" data-e-type=\"widget\" data-widget_type=\"text-editor.default\">\n\t\t\t\t<div class=\"elementor-widget-container\">\n\t\t\t\t\t\t\t\t\t<p>Dicas de limpeza<\/p>\t\t\t\t\t\t\t\t<\/div>\n\t\t\t\t<\/div>\n\t\t\t\t<div class=\"elementor-element elementor-element-23a4bf05 elementor-widget elementor-widget-text-editor\" data-id=\"23a4bf05\" data-element_type=\"widget\" data-e-type=\"widget\" data-widget_type=\"text-editor.default\">\n\t\t\t\t<div class=\"elementor-widget-container\">\n\t\t\t\t\t\t\t\t\t<p>Evite estes erros e deixe os arm\u00e1rios da cozinha a brilhar<\/p>\t\t\t\t\t\t\t\t<\/div>\n\t\t\t\t<\/div>\n\t\t\t\t<div class=\"elementor-element elementor-element-694d7845 elementor-widget elementor-widget-text-editor\" data-id=\"694d7845\" data-element_type=\"widget\" data-e-type=\"widget\" data-widget_type=\"text-editor.default\">\n\t\t\t\t<div class=\"elementor-widget-container\">\n\t\t\t\t\t\t\t\t\t<p>H\u00e1 quanto tempo n\u00e3o limpa os arm\u00e1rios da cozinha? Se n\u00e3o se lembra, \u00e9 prov\u00e1vel que j\u00e1 esteja a cometer um dos erros de limpeza que vamos revelar de seguida.<\/p>\t\t\t\t\t\t\t\t<\/div>\n\t\t\t\t<\/div>\n\t\t\t\t<div class=\"elementor-element elementor-element-28b9ad4c elementor-widget elementor-widget-image\" data-id=\"28b9ad4c\" data-element_type=\"widget\" data-e-type=\"widget\" data-widget_type=\"image.default\">\n\t\t\t\t<div class=\"elementor-widget-container\">\n\t\t\t\t\t\t\t\t\t\t\t\t\t\t\t<img fetchpriority=\"high\" decoding=\"async\" width=\"960\" height=\"640\" src=\"https:\/\/dreamcooking.pt\/wp-content\/uploads\/2023\/09\/AdobeStock_572521621-1-1024x683.jpeg\" class=\"attachment-large size-large wp-image-2712\" alt=\"\" srcset=\"https:\/\/dreamcooking.pt\/wp-content\/uploads\/2023\/09\/AdobeStock_572521621-1-1024x683.jpeg 1024w, https:\/\/dreamcooking.pt\/wp-content\/uploads\/2023\/09\/AdobeStock_572521621-1-300x200.jpeg 300w, https:\/\/dreamcooking.pt\/wp-content\/uploads\/2023\/09\/AdobeStock_572521621-1-768x512.jpeg 768w, https:\/\/dreamcooking.pt\/wp-content\/uploads\/2023\/09\/AdobeStock_572521621-1-1536x1024.jpeg 1536w, https:\/\/dreamcooking.pt\/wp-content\/uploads\/2023\/09\/AdobeStock_572521621-1-2048x1365.jpeg 2048w\" sizes=\"(max-width: 960px) 100vw, 960px\" \/>\t\t\t\t\t\t\t\t\t\t\t\t\t\t\t<\/div>\n\t\t\t\t<\/div>\n\t\t\t\t<div class=\"elementor-element elementor-element-77b6fa45 elementor-widget elementor-widget-text-editor\" data-id=\"77b6fa45\" data-element_type=\"widget\" data-e-type=\"widget\" data-widget_type=\"text-editor.default\">\n\t\t\t\t<div class=\"elementor-widget-container\">\n\t\t\t\t\t\t\t\t\t<p>Existem erros que pode estar a cometer na hora de limpar os arm\u00e1rios que ficam na zona da cozinha. Conhe\u00e7a os erros e evite-os.<\/p><p><strong><span class=\"news_h3\">Usar produtos de limpeza abrasivos<\/span><\/strong><\/p><p>\u00c9 pior nos casos em que os arm\u00e1rios s\u00e3o pintados. Deve evitar esfreg\u00f5es ou palha de a\u00e7o. \u00a0O ideal \u00e9 um pano de microfibra.<\/p><p><strong><span class=\"news_h3\">Esquecer-se dos cantos e relevos<\/span><\/strong><\/p><p>Se os seus arm\u00e1rios tiverem relevos e cantos, n\u00e3o os deve deixar de limpar. Fazem parte e por vezes acumulam muita sujidade.<\/p><p><strong><span class=\"news_h3\">N\u00e3o usar desengordurante<\/span><\/strong><\/p><p>Ao cozinhar, a gordura espalha-se por toda a cozinha e muita dela fica agarrada aos arm\u00e1rios. O melhor \u00e9 passar sempre um desengordurante quando faz a limpeza da cozinha.<\/p><p><strong><span class=\"news_h3\">N\u00e3o limpar os arm\u00e1rios todas as semanas<\/span><\/strong><\/p><p>Tal como aspirar ou limpar o p\u00f3, tamb\u00e9m a limpeza dos arm\u00e1rios deve ser algo que fa\u00e7a todas as semanas. Assim, pode evitar limpezas mais profundas passado algum tempo.<\/p><p><strong><span class=\"news_h3\">Usa a esponja da loi\u00e7a para limpar os arm\u00e1rios.<\/span><\/strong><\/p><p>Pode acabar por espalhar mais germes do que estar a remov\u00ea-los.<\/p><p><strong><span class=\"news_h3\">Usa muita \u00e1gua<\/span><\/strong><\/p><p>Se depois n\u00e3o for bem limpo, pode ser o ambiente perfeito para a cria\u00e7\u00e3o de mofo e bolor.<\/p><p>\u00a0<\/p><p>Fonte: https:\/\/www.noticiasaominuto.com\/casa<\/p>\t\t\t\t\t\t\t\t<\/div>\n\t\t\t\t<\/div>\n\t\t\t\t\t<\/div>\n\t\t<\/div>\n\t\t\t\t\t<\/div>\n\t\t<\/section>\n\t\t\t\t<section class=\"elementor-section elementor-top-section elementor-element elementor-element-61e7c0db elementor-section-boxed elementor-section-height-default elementor-section-height-default wpr-particle-no wpr-jarallax-no wpr-parallax-no wpr-sticky-section-no wpr-equal-height-no\" data-id=\"61e7c0db\" data-element_type=\"section\" data-e-type=\"section\" data-settings=\"{&quot;background_background&quot;:&quot;classic&quot;}\">\n\t\t\t\t\t\t\t<div class=\"elementor-background-overlay\"><\/div>\n\t\t\t\t\t\t\t<div class=\"elementor-container elementor-column-gap-default\">\n\t\t\t\t\t<div class=\"elementor-column elementor-col-100 elementor-top-column elementor-element elementor-element-427029b8\" data-id=\"427029b8\" data-element_type=\"column\" data-e-type=\"column\">\n\t\t\t<div class=\"elementor-widget-wrap elementor-element-populated\">\n\t\t\t\t\t\t<div class=\"elementor-element elementor-element-783ebf24 elementor-widget elementor-widget-heading\" data-id=\"783ebf24\" data-element_type=\"widget\" data-e-type=\"widget\" data-widget_type=\"heading.default\">\n\t\t\t\t<div class=\"elementor-widget-container\">\n\t\t\t\t\t<h2 class=\"elementor-heading-title elementor-size-default\">Pe\u00e7a ajuda de um profissional, sem compromisso<\/h2>\t\t\t\t<\/div>\n\t\t\t\t<\/div>\n\t\t\t\t<div class=\"elementor-element elementor-element-2051dc0 wpr-button-icon-style-inline wpr-button-icon-position-right elementor-widget elementor-widget-wpr-button\" data-id=\"2051dc0\" data-element_type=\"widget\" data-e-type=\"widget\" data-widget_type=\"wpr-button.default\">\n\t\t\t\t<div class=\"elementor-widget-container\">\n\t\t\t\t\t\t\n\t\t\t\n\t\t\n\t\t<div class=\"wpr-button-wrap elementor-clearfix\">\n\t\t<a class=\"wpr-button wpr-button-effect wpr-button-none\" data-text=\"\" href=\"https:\/\/dreamcooking.pt\/?page_id=243\">\n\t\t\t\n\t\t\t<span class=\"wpr-button-content\">\n\t\t\t\t\t\t\t\t\t<span class=\"wpr-button-text\">Pe\u00e7a um or\u00e7amento<\/span>\n\t\t\t\t\t\t\t\t\n\t\t\t\t\t\t\t<\/span>\n\t\t<\/a>\n\n\t\t\t\t<\/div>\n\t\n\t\n\t\t\t\t\t<\/div>\n\t\t\t\t<\/div>\n\t\t\t\t\t<\/div>\n\t\t<\/div>\n\t\t\t\t\t<\/div>\n\t\t<\/section>\n\t\t\t\t<\/div>\n\t\t","protected":false},"excerpt":{"rendered":"<p>Not\u00edcias Dicas de limpeza Evite estes erros e deixe os arm\u00e1rios da cozinha a brilhar H\u00e1 quanto tempo n\u00e3o limpa os arm\u00e1rios da cozinha? Se n\u00e3o se lembra, \u00e9 prov\u00e1vel que j\u00e1 esteja a cometer um dos erros de limpeza que vamos revelar de seguida. Existem erros que pode estar a cometer na hora de limpar os arm\u00e1rios que ficam na zona da cozinha. Conhe\u00e7a os erros e evite-os. Usar produtos de limpeza abrasivos \u00c9 pior nos casos em que os arm\u00e1rios s\u00e3o pintados. Deve evitar esfreg\u00f5es ou palha de a\u00e7o. \u00a0O ideal \u00e9 um pano de microfibra. Esquecer-se dos cantos e relevos Se os seus arm\u00e1rios tiverem relevos e cantos, n\u00e3o os deve deixar de limpar. Fazem parte e por vezes acumulam muita sujidade. N\u00e3o usar desengordurante Ao cozinhar, a gordura espalha-se por toda a cozinha e muita dela fica agarrada aos arm\u00e1rios. O melhor \u00e9 passar sempre um desengordurante quando faz a limpeza da cozinha. N\u00e3o limpar os arm\u00e1rios todas as semanas Tal como aspirar ou limpar o p\u00f3, tamb\u00e9m a limpeza dos arm\u00e1rios deve ser algo que fa\u00e7a todas as semanas. Assim, pode evitar limpezas mais profundas passado algum tempo. Usa a esponja da loi\u00e7a para limpar os arm\u00e1rios. Pode acabar por espalhar mais germes do que estar a remov\u00ea-los. Usa muita \u00e1gua Se depois n\u00e3o for bem limpo, pode ser o ambiente perfeito para a cria\u00e7\u00e3o de mofo e bolor. \u00a0 Fonte: https:\/\/www.noticiasaominuto.com\/casa Pe\u00e7a ajuda de um profissional, sem compromisso Pe\u00e7a um or\u00e7amento<\/p>\n","protected":false},"author":1,"featured_media":0,"parent":0,"menu_order":0,"comment_status":"closed","ping_status":"closed","template":"elementor_canvas","meta":{"om_disable_all_campaigns":false,"_monsterinsights_skip_tracking":false,"_monsterinsights_sitenote_active":false,"_monsterinsights_sitenote_note":"","_monsterinsights_sitenote_category":0,"_uf_show_specific_survey":0,"_uf_disable_surveys":false,"footnotes":""},"class_list":["post-2709","page","type-page","status-publish","hentry"],"aioseo_notices":[],"_links":{"self":[{"href":"https:\/\/dreamcooking.pt\/index.php?rest_route=\/wp\/v2\/pages\/2709","targetHints":{"allow":["GET"]}}],"collection":[{"href":"https:\/\/dreamcooking.pt\/index.php?rest_route=\/wp\/v2\/pages"}],"about":[{"href":"https:\/\/dreamcooking.pt\/index.php?rest_route=\/wp\/v2\/types\/page"}],"author":[{"embeddable":true,"href":"https:\/\/dreamcooking.pt\/index.php?rest_route=\/wp\/v2\/users\/1"}],"replies":[{"embeddable":true,"href":"https:\/\/dreamcooking.pt\/index.php?rest_route=%2Fwp%2Fv2%2Fcomments&post=2709"}],"version-history":[{"count":5,"href":"https:\/\/dreamcooking.pt\/index.php?rest_route=\/wp\/v2\/pages\/2709\/revisions"}],"predecessor-version":[{"id":2722,"href":"https:\/\/dreamcooking.pt\/index.php?rest_route=\/wp\/v2\/pages\/2709\/revisions\/2722"}],"wp:attachment":[{"href":"https:\/\/dreamcooking.pt\/index.php?rest_route=%2Fwp%2Fv2%2Fmedia&parent=2709"}],"curies":[{"name":"wp","href":"https:\/\/api.w.org\/{rel}","templated":true}]}}