{"id":2648,"date":"2023-09-05T11:52:46","date_gmt":"2023-09-05T11:52:46","guid":{"rendered":"https:\/\/dreamcooking.pt\/?page_id=2648"},"modified":"2023-09-15T09:32:54","modified_gmt":"2023-09-15T09:32:54","slug":"tem-uma-cozinha-pequena-eis-algumas-dicas-para-tirar-o-melhor-partido","status":"publish","type":"page","link":"https:\/\/dreamcooking.pt\/?page_id=2648","title":{"rendered":"Tem uma cozinha pequena? Eis algumas dicas para tirar o melhor partido"},"content":{"rendered":"\t\t<div data-elementor-type=\"wp-page\" data-elementor-id=\"2648\" class=\"elementor elementor-2648\">\n\t\t\t\t\t\t<section class=\"elementor-section elementor-top-section elementor-element elementor-element-2cdccee3 elementor-section-height-min-height elementor-section-boxed elementor-section-height-default elementor-section-items-middle wpr-particle-no wpr-jarallax-no wpr-parallax-no wpr-sticky-section-no wpr-equal-height-no\" data-id=\"2cdccee3\" data-element_type=\"section\" data-e-type=\"section\" data-settings=\"{&quot;background_background&quot;:&quot;classic&quot;,&quot;shape_divider_bottom&quot;:&quot;opacity-tilt&quot;}\">\n\t\t\t\t\t\t\t<div class=\"elementor-background-overlay\"><\/div>\n\t\t\t\t\t\t<div class=\"elementor-shape elementor-shape-bottom\" aria-hidden=\"true\" data-negative=\"false\">\n\t\t\t<svg xmlns=\"http:\/\/www.w3.org\/2000\/svg\" viewBox=\"0 0 2600 131.1\" preserveAspectRatio=\"none\">\n\t<path class=\"elementor-shape-fill\" d=\"M0 0L2600 0 2600 69.1 0 0z\"\/>\n\t<path class=\"elementor-shape-fill\" style=\"opacity:0.5\" d=\"M0 0L2600 0 2600 69.1 0 69.1z\"\/>\n\t<path class=\"elementor-shape-fill\" style=\"opacity:0.25\" d=\"M2600 0L0 0 0 130.1 2600 69.1z\"\/>\n<\/svg>\t\t<\/div>\n\t\t\t\t\t<div class=\"elementor-container elementor-column-gap-default\">\n\t\t\t\t\t<div class=\"elementor-column elementor-col-100 elementor-top-column elementor-element elementor-element-aa5bca9\" data-id=\"aa5bca9\" data-element_type=\"column\" data-e-type=\"column\">\n\t\t\t<div class=\"elementor-widget-wrap elementor-element-populated\">\n\t\t\t\t\t\t<div class=\"elementor-element elementor-element-12c80e9 elementor-widget elementor-widget-heading\" data-id=\"12c80e9\" data-element_type=\"widget\" data-e-type=\"widget\" data-widget_type=\"heading.default\">\n\t\t\t\t<div class=\"elementor-widget-container\">\n\t\t\t\t\t<h1 class=\"elementor-heading-title elementor-size-default\"><br>Not\u00edcias<\/h1>\t\t\t\t<\/div>\n\t\t\t\t<\/div>\n\t\t\t\t<div class=\"elementor-element elementor-element-849c907 elementor-widget-divider--view-line elementor-widget elementor-widget-divider\" data-id=\"849c907\" data-element_type=\"widget\" data-e-type=\"widget\" data-widget_type=\"divider.default\">\n\t\t\t\t<div class=\"elementor-widget-container\">\n\t\t\t\t\t\t\t<div class=\"elementor-divider\">\n\t\t\t<span class=\"elementor-divider-separator\">\n\t\t\t\t\t\t<\/span>\n\t\t<\/div>\n\t\t\t\t\t\t<\/div>\n\t\t\t\t<\/div>\n\t\t\t\t\t<\/div>\n\t\t<\/div>\n\t\t\t\t\t<\/div>\n\t\t<\/section>\n\t\t\t\t<section class=\"elementor-section elementor-top-section elementor-element elementor-element-d512ab5 elementor-section-boxed elementor-section-height-default elementor-section-height-default wpr-particle-no wpr-jarallax-no wpr-parallax-no wpr-sticky-section-no wpr-equal-height-no\" data-id=\"d512ab5\" data-element_type=\"section\" data-e-type=\"section\">\n\t\t\t\t\t\t<div class=\"elementor-container elementor-column-gap-default\">\n\t\t\t\t\t<div class=\"elementor-column elementor-col-100 elementor-top-column elementor-element elementor-element-3fbdee8\" data-id=\"3fbdee8\" data-element_type=\"column\" data-e-type=\"column\">\n\t\t\t<div class=\"elementor-widget-wrap elementor-element-populated\">\n\t\t\t\t\t\t<div class=\"elementor-element elementor-element-a051ecf elementor-widget elementor-widget-text-editor\" data-id=\"a051ecf\" data-element_type=\"widget\" data-e-type=\"widget\" data-widget_type=\"text-editor.default\">\n\t\t\t\t<div class=\"elementor-widget-container\">\n\t\t\t\t\t\t\t\t\t<p>Dicas de decora\u00e7\u00e3o<\/p>\t\t\t\t\t\t\t\t<\/div>\n\t\t\t\t<\/div>\n\t\t\t\t<div class=\"elementor-element elementor-element-ccaba55 elementor-widget elementor-widget-text-editor\" data-id=\"ccaba55\" data-element_type=\"widget\" data-e-type=\"widget\" data-widget_type=\"text-editor.default\">\n\t\t\t\t<div class=\"elementor-widget-container\">\n\t\t\t\t\t\t\t\t\t<p>Tem uma cozinha pequena? Eis algumas dicas para tirar o melhor partido<\/p>\t\t\t\t\t\t\t\t<\/div>\n\t\t\t\t<\/div>\n\t\t\t\t<div class=\"elementor-element elementor-element-6fd6ad4 elementor-widget elementor-widget-text-editor\" data-id=\"6fd6ad4\" data-element_type=\"widget\" data-e-type=\"widget\" data-widget_type=\"text-editor.default\">\n\t\t\t\t<div class=\"elementor-widget-container\">\n\t\t\t\t\t\t\t\t\t<p>Mobili\u00e1rio \u00e0 medida, arruma\u00e7\u00e3o vertical e eletrodom\u00e9sticos embutidos, s\u00e3o algumas das ideias para que possa conseguir aproveitar mais a sua cozinha<\/p>\t\t\t\t\t\t\t\t<\/div>\n\t\t\t\t<\/div>\n\t\t\t\t<div class=\"elementor-element elementor-element-c4fcc1b elementor-widget elementor-widget-image\" data-id=\"c4fcc1b\" data-element_type=\"widget\" data-e-type=\"widget\" data-widget_type=\"image.default\">\n\t\t\t\t<div class=\"elementor-widget-container\">\n\t\t\t\t\t\t\t\t\t\t\t\t\t\t\t<img fetchpriority=\"high\" decoding=\"async\" width=\"960\" height=\"640\" src=\"https:\/\/dreamcooking.pt\/wp-content\/uploads\/2023\/09\/beautiful-renovated-furnished-kitchen-interior-design-1.jpg\" class=\"attachment-large size-large wp-image-2638\" alt=\"\" srcset=\"https:\/\/dreamcooking.pt\/wp-content\/uploads\/2023\/09\/beautiful-renovated-furnished-kitchen-interior-design-1.jpg 1000w, https:\/\/dreamcooking.pt\/wp-content\/uploads\/2023\/09\/beautiful-renovated-furnished-kitchen-interior-design-1-300x200.jpg 300w, https:\/\/dreamcooking.pt\/wp-content\/uploads\/2023\/09\/beautiful-renovated-furnished-kitchen-interior-design-1-768x512.jpg 768w\" sizes=\"(max-width: 960px) 100vw, 960px\" \/>\t\t\t\t\t\t\t\t\t\t\t\t\t\t\t<\/div>\n\t\t\t\t<\/div>\n\t\t\t\t<div class=\"elementor-element elementor-element-3088015 elementor-widget elementor-widget-text-editor\" data-id=\"3088015\" data-element_type=\"widget\" data-e-type=\"widget\" data-widget_type=\"text-editor.default\">\n\t\t\t\t<div class=\"elementor-widget-container\">\n\t\t\t\t\t\t\t\t\t<p>A\u00a0<strong>cozinha<\/strong> ocupa cada vez mais um lugar importante no seio das fam\u00edlias, podendo mesmo ser considerada, em muitos casos,<strong> o cora\u00e7\u00e3o da casa.<\/strong> Contudo, a cozinha acaba, por vezes, por ser um dos espa\u00e7os mais reduzidos do lar. Desta forma, <strong>torna-se fundamental planear e ajustar este espa\u00e7o para que possa tirar o melhor partido e aproveitar todos os pequenos cantos.<\/strong> Ora veja.<\/p><p><span style=\"text-decoration: underline;\"><strong>Mobili\u00e1rio \u00e0 medida<\/strong><\/span><\/p><p>Uma das principais dicas para cozinhas pequenas \u00e9\u00a0<strong>optar por mobili\u00e1rio adequado a esta divis\u00e3o<\/strong>, de forma a otimizar todo o espa\u00e7o e atribuir solu\u00e7\u00f5es de arruma\u00e7\u00e3o essenciais para divis\u00f5es mais pequenas.<\/p><p><span style=\"text-decoration: underline;\"><strong>Arruma\u00e7\u00e3o vertical \u00e9 uma grande vantagem<\/strong><\/span><\/p><p>A valoriza\u00e7\u00e3o da verticalidade dos espa\u00e7os \u00e9 um\u00a0<strong>aspeto essencial nas habita\u00e7\u00f5es mais pequenas<\/strong>, uma vez que ao tirar partido da verticalidade est\u00e1 a libertar outras \u00e1reas, deixando o espa\u00e7o mais arejado.<\/p><p>Ao criar elementos de arruma\u00e7\u00e3o nas paredes da habita\u00e7\u00e3o, como prateleiras ou arm\u00e1rios embutidos, estar\u00e1 n\u00e3o s\u00f3 a atribuir uma maior sensa\u00e7\u00e3o de amplitude ao espa\u00e7o, como tamb\u00e9m ficar\u00e1 com v\u00e1rias solu\u00e7\u00f5es de arruma\u00e7\u00e3o.<\/p><p><span style=\"text-decoration: underline;\"><strong>Ilumina\u00e7\u00e3o<\/strong><\/span><\/p><p>Um ambiente bem iluminado\u00a0<strong>cria espa\u00e7os visualmente maiores<\/strong>, mais arejados e convidativos.<\/p><p>O aproveitamento da luz natural \u00e9 um ponto fundamental para qualquer divis\u00e3o, mas que se torna ainda mais importante quando falamos de uma das divis\u00f5es mais importantes da casa, ajudando a aumentar a funcionalidade do espa\u00e7o.<\/p><p><span style=\"text-decoration: underline;\"><strong>Eletrodom\u00e9sticos embutidos pode fazer a diferen\u00e7a<\/strong><\/span><\/p><p>Em cozinhas pequenas, optar por eletrodom\u00e9sticos embutidos pode fazer toda a diferen\u00e7a, uma vez que\u00a0<strong>permitem uma melhor organiza\u00e7\u00e3o do espa\u00e7o<\/strong>, libertando \u00e1reas adicionais para arruma\u00e7\u00e3o e permitindo uma melhor \u00e1rea para circula\u00e7\u00e3o.<\/p><p><span style=\"text-decoration: underline;\"><strong>Bancada multifuncional \u00e9 um excelente truque<\/strong><\/span><\/p><p>Permite transformar\u00a0um <strong>\u00fanico espa\u00e7o numa \u00e1rea de refei\u00e7\u00f5es\u00a0e prepara\u00e7\u00e3o de alimentos<\/strong>. Para isso, uma op\u00e7\u00e3o poss\u00edvel passa pela coloca\u00e7\u00e3o de cadeiras ou bancos numa das extremidades, retirando assim a necessidade de adicionar uma mesa extra de refei\u00e7\u00f5es.<\/p><p>De um modo geral, a cozinha deve ser um espa\u00e7o esteticamente incorporado com as restantes divis\u00f5es, funcional e, acima de tudo, adaptada a cada viv\u00eancia, fam\u00edlia ou estilo de vida.<\/p><p>E, por ocupar um lugar cada vez mais importante no quotidiano e no seio das fam\u00edlias,\u00a0<strong>\u00e9 essencial que se priorize<\/strong>\u00a0a sua manuten\u00e7\u00e3o e adapta\u00e7\u00e3o, de modo a tornar a sua cozinha num espa\u00e7o de refei\u00e7\u00f5es \u00e0 sua medida.<\/p><p>Fonte: https:\/\/www.noticiasaominuto.com\/casa<\/p>\t\t\t\t\t\t\t\t<\/div>\n\t\t\t\t<\/div>\n\t\t\t\t\t<\/div>\n\t\t<\/div>\n\t\t\t\t\t<\/div>\n\t\t<\/section>\n\t\t\t\t<section class=\"elementor-section elementor-top-section elementor-element elementor-element-7124a1b elementor-section-boxed elementor-section-height-default elementor-section-height-default wpr-particle-no wpr-jarallax-no wpr-parallax-no wpr-sticky-section-no wpr-equal-height-no\" data-id=\"7124a1b\" data-element_type=\"section\" data-e-type=\"section\" data-settings=\"{&quot;background_background&quot;:&quot;classic&quot;}\">\n\t\t\t\t\t\t\t<div class=\"elementor-background-overlay\"><\/div>\n\t\t\t\t\t\t\t<div class=\"elementor-container elementor-column-gap-default\">\n\t\t\t\t\t<div class=\"elementor-column elementor-col-100 elementor-top-column elementor-element elementor-element-6962710\" data-id=\"6962710\" data-element_type=\"column\" data-e-type=\"column\">\n\t\t\t<div class=\"elementor-widget-wrap elementor-element-populated\">\n\t\t\t\t\t\t<div class=\"elementor-element elementor-element-7a93fec elementor-widget elementor-widget-heading\" data-id=\"7a93fec\" data-element_type=\"widget\" data-e-type=\"widget\" data-widget_type=\"heading.default\">\n\t\t\t\t<div class=\"elementor-widget-container\">\n\t\t\t\t\t<h2 class=\"elementor-heading-title elementor-size-default\">Pe\u00e7a ajuda de um profissional, sem compromisso<\/h2>\t\t\t\t<\/div>\n\t\t\t\t<\/div>\n\t\t\t\t<div class=\"elementor-element elementor-element-747aaac wpr-button-icon-style-inline wpr-button-icon-position-right elementor-widget elementor-widget-wpr-button\" data-id=\"747aaac\" data-element_type=\"widget\" data-e-type=\"widget\" data-widget_type=\"wpr-button.default\">\n\t\t\t\t<div class=\"elementor-widget-container\">\n\t\t\t\t\t\t\n\t\t\t\n\t\t\n\t\t<div class=\"wpr-button-wrap elementor-clearfix\">\n\t\t<a class=\"wpr-button wpr-button-effect wpr-button-none\" data-text=\"\" href=\"https:\/\/dreamcooking.pt\/?page_id=243\">\n\t\t\t\n\t\t\t<span class=\"wpr-button-content\">\n\t\t\t\t\t\t\t\t\t<span class=\"wpr-button-text\">Pe\u00e7a um or\u00e7amento<\/span>\n\t\t\t\t\t\t\t\t\n\t\t\t\t\t\t\t<\/span>\n\t\t<\/a>\n\n\t\t\t\t<\/div>\n\t\n\t\n\t\t\t\t\t<\/div>\n\t\t\t\t<\/div>\n\t\t\t\t\t<\/div>\n\t\t<\/div>\n\t\t\t\t\t<\/div>\n\t\t<\/section>\n\t\t\t\t<\/div>\n\t\t","protected":false},"excerpt":{"rendered":"<p>Not\u00edcias Dicas de decora\u00e7\u00e3o Tem uma cozinha pequena? Eis algumas dicas para tirar o melhor partido Mobili\u00e1rio \u00e0 medida, arruma\u00e7\u00e3o vertical e eletrodom\u00e9sticos embutidos, s\u00e3o algumas das ideias para que possa conseguir aproveitar mais a sua cozinha A\u00a0cozinha ocupa cada vez mais um lugar importante no seio das fam\u00edlias, podendo mesmo ser considerada, em muitos casos, o cora\u00e7\u00e3o da casa. Contudo, a cozinha acaba, por vezes, por ser um dos espa\u00e7os mais reduzidos do lar. Desta forma, torna-se fundamental planear e ajustar este espa\u00e7o para que possa tirar o melhor partido e aproveitar todos os pequenos cantos. Ora veja. Mobili\u00e1rio \u00e0 medida Uma das principais dicas para cozinhas pequenas \u00e9\u00a0optar por mobili\u00e1rio adequado a esta divis\u00e3o, de forma a otimizar todo o espa\u00e7o e atribuir solu\u00e7\u00f5es de arruma\u00e7\u00e3o essenciais para divis\u00f5es mais pequenas. Arruma\u00e7\u00e3o vertical \u00e9 uma grande vantagem A valoriza\u00e7\u00e3o da verticalidade dos espa\u00e7os \u00e9 um\u00a0aspeto essencial nas habita\u00e7\u00f5es mais pequenas, uma vez que ao tirar partido da verticalidade est\u00e1 a libertar outras \u00e1reas, deixando o espa\u00e7o mais arejado. Ao criar elementos de arruma\u00e7\u00e3o nas paredes da habita\u00e7\u00e3o, como prateleiras ou arm\u00e1rios embutidos, estar\u00e1 n\u00e3o s\u00f3 a atribuir uma maior sensa\u00e7\u00e3o de amplitude ao espa\u00e7o, como tamb\u00e9m ficar\u00e1 com v\u00e1rias solu\u00e7\u00f5es de arruma\u00e7\u00e3o. Ilumina\u00e7\u00e3o Um ambiente bem iluminado\u00a0cria espa\u00e7os visualmente maiores, mais arejados e convidativos. O aproveitamento da luz natural \u00e9 um ponto fundamental para qualquer divis\u00e3o, mas que se torna ainda mais importante quando falamos de uma das divis\u00f5es mais importantes da casa, ajudando a aumentar a funcionalidade do espa\u00e7o. Eletrodom\u00e9sticos embutidos pode fazer a diferen\u00e7a Em cozinhas pequenas, optar por eletrodom\u00e9sticos embutidos pode fazer toda a diferen\u00e7a, uma vez que\u00a0permitem uma melhor organiza\u00e7\u00e3o do espa\u00e7o, libertando \u00e1reas adicionais para arruma\u00e7\u00e3o e permitindo uma melhor \u00e1rea para circula\u00e7\u00e3o. Bancada multifuncional \u00e9 um excelente truque Permite transformar\u00a0um \u00fanico espa\u00e7o numa \u00e1rea de refei\u00e7\u00f5es\u00a0e prepara\u00e7\u00e3o de alimentos. Para isso, uma op\u00e7\u00e3o poss\u00edvel passa pela coloca\u00e7\u00e3o de cadeiras ou bancos numa das extremidades, retirando assim a necessidade de adicionar uma mesa extra de refei\u00e7\u00f5es. De um modo geral, a cozinha deve ser um espa\u00e7o esteticamente incorporado com as restantes divis\u00f5es, funcional e, acima de tudo, adaptada a cada viv\u00eancia, fam\u00edlia ou estilo de vida. E, por ocupar um lugar cada vez mais importante no quotidiano e no seio das fam\u00edlias,\u00a0\u00e9 essencial que se priorize\u00a0a sua manuten\u00e7\u00e3o e adapta\u00e7\u00e3o, de modo a tornar a sua cozinha num espa\u00e7o de refei\u00e7\u00f5es \u00e0 sua medida. Fonte: https:\/\/www.noticiasaominuto.com\/casa Pe\u00e7a ajuda de um profissional, sem compromisso Pe\u00e7a um or\u00e7amento<\/p>\n","protected":false},"author":1,"featured_media":0,"parent":0,"menu_order":0,"comment_status":"closed","ping_status":"closed","template":"elementor_canvas","meta":{"om_disable_all_campaigns":false,"_monsterinsights_skip_tracking":false,"_monsterinsights_sitenote_active":false,"_monsterinsights_sitenote_note":"","_monsterinsights_sitenote_category":0,"_uf_show_specific_survey":0,"_uf_disable_surveys":false,"footnotes":""},"class_list":["post-2648","page","type-page","status-publish","hentry"],"aioseo_notices":[],"_links":{"self":[{"href":"https:\/\/dreamcooking.pt\/index.php?rest_route=\/wp\/v2\/pages\/2648","targetHints":{"allow":["GET"]}}],"collection":[{"href":"https:\/\/dreamcooking.pt\/index.php?rest_route=\/wp\/v2\/pages"}],"about":[{"href":"https:\/\/dreamcooking.pt\/index.php?rest_route=\/wp\/v2\/types\/page"}],"author":[{"embeddable":true,"href":"https:\/\/dreamcooking.pt\/index.php?rest_route=\/wp\/v2\/users\/1"}],"replies":[{"embeddable":true,"href":"https:\/\/dreamcooking.pt\/index.php?rest_route=%2Fwp%2Fv2%2Fcomments&post=2648"}],"version-history":[{"count":11,"href":"https:\/\/dreamcooking.pt\/index.php?rest_route=\/wp\/v2\/pages\/2648\/revisions"}],"predecessor-version":[{"id":2670,"href":"https:\/\/dreamcooking.pt\/index.php?rest_route=\/wp\/v2\/pages\/2648\/revisions\/2670"}],"wp:attachment":[{"href":"https:\/\/dreamcooking.pt\/index.php?rest_route=%2Fwp%2Fv2%2Fmedia&parent=2648"}],"curies":[{"name":"wp","href":"https:\/\/api.w.org\/{rel}","templated":true}]}}