{"id":1705,"date":"2023-06-13T17:30:27","date_gmt":"2023-06-13T17:30:27","guid":{"rendered":"https:\/\/dreamcooking.pt\/?page_id=1705"},"modified":"2026-04-15T15:07:05","modified_gmt":"2026-04-15T15:07:05","slug":"noticias","status":"publish","type":"page","link":"https:\/\/dreamcooking.pt\/?page_id=1705","title":{"rendered":"Not\u00edcias"},"content":{"rendered":"\t\t<div data-elementor-type=\"wp-page\" data-elementor-id=\"1705\" class=\"elementor elementor-1705\">\n\t\t\t\t\t\t<section class=\"elementor-section elementor-top-section elementor-element elementor-element-617c407c elementor-section-height-min-height elementor-section-boxed elementor-section-height-default elementor-section-items-middle wpr-particle-no wpr-jarallax-no wpr-parallax-no wpr-sticky-section-no wpr-equal-height-no\" data-id=\"617c407c\" data-element_type=\"section\" data-e-type=\"section\" data-settings=\"{&quot;background_background&quot;:&quot;classic&quot;,&quot;shape_divider_bottom&quot;:&quot;opacity-tilt&quot;}\">\n\t\t\t\t\t\t\t<div class=\"elementor-background-overlay\"><\/div>\n\t\t\t\t\t\t<div class=\"elementor-shape elementor-shape-bottom\" aria-hidden=\"true\" data-negative=\"false\">\n\t\t\t<svg xmlns=\"http:\/\/www.w3.org\/2000\/svg\" viewBox=\"0 0 2600 131.1\" preserveAspectRatio=\"none\">\n\t<path class=\"elementor-shape-fill\" d=\"M0 0L2600 0 2600 69.1 0 0z\"\/>\n\t<path class=\"elementor-shape-fill\" style=\"opacity:0.5\" d=\"M0 0L2600 0 2600 69.1 0 69.1z\"\/>\n\t<path class=\"elementor-shape-fill\" style=\"opacity:0.25\" d=\"M2600 0L0 0 0 130.1 2600 69.1z\"\/>\n<\/svg>\t\t<\/div>\n\t\t\t\t\t<div class=\"elementor-container elementor-column-gap-default\">\n\t\t\t\t\t<div class=\"elementor-column elementor-col-100 elementor-top-column elementor-element elementor-element-1b92efa3\" data-id=\"1b92efa3\" data-element_type=\"column\" data-e-type=\"column\">\n\t\t\t<div class=\"elementor-widget-wrap elementor-element-populated\">\n\t\t\t\t\t\t<div class=\"elementor-element elementor-element-1e819a7c elementor-widget elementor-widget-heading\" data-id=\"1e819a7c\" data-element_type=\"widget\" data-e-type=\"widget\" data-widget_type=\"heading.default\">\n\t\t\t\t<div class=\"elementor-widget-container\">\n\t\t\t\t\t<h1 class=\"elementor-heading-title elementor-size-default\"><br>Not\u00edcias<\/h1>\t\t\t\t<\/div>\n\t\t\t\t<\/div>\n\t\t\t\t<div class=\"elementor-element elementor-element-3bfb0a0a elementor-widget-divider--view-line elementor-widget elementor-widget-divider\" data-id=\"3bfb0a0a\" data-element_type=\"widget\" data-e-type=\"widget\" data-widget_type=\"divider.default\">\n\t\t\t\t<div class=\"elementor-widget-container\">\n\t\t\t\t\t\t\t<div class=\"elementor-divider\">\n\t\t\t<span class=\"elementor-divider-separator\">\n\t\t\t\t\t\t<\/span>\n\t\t<\/div>\n\t\t\t\t\t\t<\/div>\n\t\t\t\t<\/div>\n\t\t\t\t\t<\/div>\n\t\t<\/div>\n\t\t\t\t\t<\/div>\n\t\t<\/section>\n\t\t\t\t<section class=\"elementor-section elementor-top-section elementor-element elementor-element-d477e61 elementor-section-boxed elementor-section-height-default elementor-section-height-default wpr-particle-no wpr-jarallax-no wpr-parallax-no wpr-sticky-section-no wpr-equal-height-no\" data-id=\"d477e61\" data-element_type=\"section\" data-e-type=\"section\">\n\t\t\t\t\t\t<div class=\"elementor-container elementor-column-gap-default\">\n\t\t\t\t\t<div class=\"elementor-column elementor-col-33 elementor-top-column elementor-element elementor-element-f8b4bdb\" data-id=\"f8b4bdb\" data-element_type=\"column\" data-e-type=\"column\">\n\t\t\t<div class=\"elementor-widget-wrap elementor-element-populated\">\n\t\t\t\t\t\t<div class=\"elementor-element elementor-element-f2789c2 elementor-widget elementor-widget-text-editor\" data-id=\"f2789c2\" data-element_type=\"widget\" data-e-type=\"widget\" data-widget_type=\"text-editor.default\">\n\t\t\t\t<div class=\"elementor-widget-container\">\n\t\t\t\t\t\t\t\t\t<p>Dicas de decora\u00e7\u00e3o<\/p>\t\t\t\t\t\t\t\t<\/div>\n\t\t\t\t<\/div>\n\t\t\t\t<div class=\"elementor-element elementor-element-1c5d6fc elementor-widget elementor-widget-text-editor\" data-id=\"1c5d6fc\" data-element_type=\"widget\" data-e-type=\"widget\" data-widget_type=\"text-editor.default\">\n\t\t\t\t<div class=\"elementor-widget-container\">\n\t\t\t\t\t\t\t\t\t<p>Tem uma cozinha pequena? Eis algumas dicas para tirar o melhor partido<\/p>\t\t\t\t\t\t\t\t<\/div>\n\t\t\t\t<\/div>\n\t\t\t\t<div class=\"elementor-element elementor-element-d9d35ba elementor-widget elementor-widget-image\" data-id=\"d9d35ba\" data-element_type=\"widget\" data-e-type=\"widget\" data-widget_type=\"image.default\">\n\t\t\t\t<div class=\"elementor-widget-container\">\n\t\t\t\t\t\t\t\t\t\t\t\t\t\t\t\t<a href=\"https:\/\/dreamcooking.pt\/?page_id=2648\">\n\t\t\t\t\t\t\t<img fetchpriority=\"high\" decoding=\"async\" width=\"960\" height=\"640\" src=\"https:\/\/dreamcooking.pt\/wp-content\/uploads\/2023\/09\/beautiful-renovated-furnished-kitchen-interior-design-1.jpg\" class=\"attachment-large size-large wp-image-2638\" alt=\"\" srcset=\"https:\/\/dreamcooking.pt\/wp-content\/uploads\/2023\/09\/beautiful-renovated-furnished-kitchen-interior-design-1.jpg 1000w, https:\/\/dreamcooking.pt\/wp-content\/uploads\/2023\/09\/beautiful-renovated-furnished-kitchen-interior-design-1-300x200.jpg 300w, https:\/\/dreamcooking.pt\/wp-content\/uploads\/2023\/09\/beautiful-renovated-furnished-kitchen-interior-design-1-768x512.jpg 768w\" sizes=\"(max-width: 960px) 100vw, 960px\" \/>\t\t\t\t\t\t\t\t<\/a>\n\t\t\t\t\t\t\t\t\t\t\t\t\t\t\t<\/div>\n\t\t\t\t<\/div>\n\t\t\t\t<div class=\"elementor-element elementor-element-f3042f6 elementor-widget elementor-widget-text-editor\" data-id=\"f3042f6\" data-element_type=\"widget\" data-e-type=\"widget\" data-widget_type=\"text-editor.default\">\n\t\t\t\t<div class=\"elementor-widget-container\">\n\t\t\t\t\t\t\t\t\t<p>Mobili\u00e1rio \u00e0 medida, arruma\u00e7\u00e3o vertical e eletrodom\u00e9sticos embutidos, s\u00e3o algumas das ideias para que possa conseguir aproveitar mais a sua cozinha.<\/p>\t\t\t\t\t\t\t\t<\/div>\n\t\t\t\t<\/div>\n\t\t\t\t<div class=\"elementor-element elementor-element-e1301e5 elementor-button-info elementor-align-left elementor-widget elementor-widget-button\" data-id=\"e1301e5\" data-element_type=\"widget\" data-e-type=\"widget\" data-widget_type=\"button.default\">\n\t\t\t\t<div class=\"elementor-widget-container\">\n\t\t\t\t\t\t\t\t\t<div class=\"elementor-button-wrapper\">\n\t\t\t\t\t<a class=\"elementor-button elementor-button-link elementor-size-xs\" href=\"https:\/\/dreamcooking.pt\/?page_id=2648\">\n\t\t\t\t\t\t<span class=\"elementor-button-content-wrapper\">\n\t\t\t\t\t\t\t\t\t<span class=\"elementor-button-text\">Ler mais<\/span>\n\t\t\t\t\t<\/span>\n\t\t\t\t\t<\/a>\n\t\t\t\t<\/div>\n\t\t\t\t\t\t\t\t<\/div>\n\t\t\t\t<\/div>\n\t\t\t\t\t<\/div>\n\t\t<\/div>\n\t\t\t\t<div class=\"elementor-column elementor-col-33 elementor-top-column elementor-element elementor-element-1b25565\" data-id=\"1b25565\" data-element_type=\"column\" data-e-type=\"column\">\n\t\t\t<div class=\"elementor-widget-wrap elementor-element-populated\">\n\t\t\t\t\t\t<div class=\"elementor-element elementor-element-68d7cc1 elementor-widget elementor-widget-text-editor\" data-id=\"68d7cc1\" data-element_type=\"widget\" data-e-type=\"widget\" data-widget_type=\"text-editor.default\">\n\t\t\t\t<div class=\"elementor-widget-container\">\n\t\t\t\t\t\t\t\t\t<p>Dicas de poupan\u00e7a<\/p>\t\t\t\t\t\t\t\t<\/div>\n\t\t\t\t<\/div>\n\t\t\t\t<div class=\"elementor-element elementor-element-ef7d5f1 elementor-widget elementor-widget-text-editor\" data-id=\"ef7d5f1\" data-element_type=\"widget\" data-e-type=\"widget\" data-widget_type=\"text-editor.default\">\n\t\t\t\t<div class=\"elementor-widget-container\">\n\t\t\t\t\t\t\t\t\t<p>Gostaria de poupar mais em casa? Apresentamos dez dicas para poupar na cozinha<\/p>\t\t\t\t\t\t\t\t<\/div>\n\t\t\t\t<\/div>\n\t\t\t\t<div class=\"elementor-element elementor-element-c6ea2c8 elementor-widget elementor-widget-image\" data-id=\"c6ea2c8\" data-element_type=\"widget\" data-e-type=\"widget\" data-widget_type=\"image.default\">\n\t\t\t\t<div class=\"elementor-widget-container\">\n\t\t\t\t\t\t\t\t\t\t\t\t\t\t\t\t<a href=\"https:\/\/dreamcooking.pt\/?page_id=2682\">\n\t\t\t\t\t\t\t<img decoding=\"async\" width=\"960\" height=\"640\" src=\"https:\/\/dreamcooking.pt\/wp-content\/uploads\/2023\/09\/home-interior-design-assortment-1024x683.jpg\" class=\"attachment-large size-large wp-image-2684\" alt=\"\" srcset=\"https:\/\/dreamcooking.pt\/wp-content\/uploads\/2023\/09\/home-interior-design-assortment-1024x683.jpg 1024w, https:\/\/dreamcooking.pt\/wp-content\/uploads\/2023\/09\/home-interior-design-assortment-300x200.jpg 300w, https:\/\/dreamcooking.pt\/wp-content\/uploads\/2023\/09\/home-interior-design-assortment-768x513.jpg 768w, https:\/\/dreamcooking.pt\/wp-content\/uploads\/2023\/09\/home-interior-design-assortment.jpg 1500w\" sizes=\"(max-width: 960px) 100vw, 960px\" \/>\t\t\t\t\t\t\t\t<\/a>\n\t\t\t\t\t\t\t\t\t\t\t\t\t\t\t<\/div>\n\t\t\t\t<\/div>\n\t\t\t\t<div class=\"elementor-element elementor-element-34e3f2a elementor-widget elementor-widget-text-editor\" data-id=\"34e3f2a\" data-element_type=\"widget\" data-e-type=\"widget\" data-widget_type=\"text-editor.default\">\n\t\t\t\t<div class=\"elementor-widget-container\">\n\t\t\t\t\t\t\t\t\t<p>Fique a par de algumas dicas que podem ajudar a reduzir o valor da sua fatura de energia.<\/p>\t\t\t\t\t\t\t\t<\/div>\n\t\t\t\t<\/div>\n\t\t\t\t<div class=\"elementor-element elementor-element-54ad8df elementor-button-info elementor-align-left elementor-widget elementor-widget-button\" data-id=\"54ad8df\" data-element_type=\"widget\" data-e-type=\"widget\" data-widget_type=\"button.default\">\n\t\t\t\t<div class=\"elementor-widget-container\">\n\t\t\t\t\t\t\t\t\t<div class=\"elementor-button-wrapper\">\n\t\t\t\t\t<a class=\"elementor-button elementor-button-link elementor-size-xs\" href=\"https:\/\/dreamcooking.pt\/?page_id=2682\">\n\t\t\t\t\t\t<span class=\"elementor-button-content-wrapper\">\n\t\t\t\t\t\t\t\t\t<span class=\"elementor-button-text\">Ler mais<\/span>\n\t\t\t\t\t<\/span>\n\t\t\t\t\t<\/a>\n\t\t\t\t<\/div>\n\t\t\t\t\t\t\t\t<\/div>\n\t\t\t\t<\/div>\n\t\t\t\t\t<\/div>\n\t\t<\/div>\n\t\t\t\t<div class=\"elementor-column elementor-col-33 elementor-top-column elementor-element elementor-element-e011c57\" data-id=\"e011c57\" data-element_type=\"column\" data-e-type=\"column\">\n\t\t\t<div class=\"elementor-widget-wrap elementor-element-populated\">\n\t\t\t\t\t\t<div class=\"elementor-element elementor-element-e88d8c4 elementor-widget elementor-widget-text-editor\" data-id=\"e88d8c4\" data-element_type=\"widget\" data-e-type=\"widget\" data-widget_type=\"text-editor.default\">\n\t\t\t\t<div class=\"elementor-widget-container\">\n\t\t\t\t\t\t\t\t\t<p>Dicas de limpeza<\/p>\t\t\t\t\t\t\t\t<\/div>\n\t\t\t\t<\/div>\n\t\t\t\t<div class=\"elementor-element elementor-element-33871e0 elementor-widget elementor-widget-text-editor\" data-id=\"33871e0\" data-element_type=\"widget\" data-e-type=\"widget\" data-widget_type=\"text-editor.default\">\n\t\t\t\t<div class=\"elementor-widget-container\">\n\t\t\t\t\t\t\t\t\t<p>Evite estes erros e deixe os arm\u00e1rios da cozinha a brilhar<\/p>\t\t\t\t\t\t\t\t<\/div>\n\t\t\t\t<\/div>\n\t\t\t\t<div class=\"elementor-element elementor-element-a81be7b elementor-widget elementor-widget-image\" data-id=\"a81be7b\" data-element_type=\"widget\" data-e-type=\"widget\" data-widget_type=\"image.default\">\n\t\t\t\t<div class=\"elementor-widget-container\">\n\t\t\t\t\t\t\t\t\t\t\t\t\t\t\t\t<a href=\"https:\/\/dreamcooking.pt\/?page_id=2709\">\n\t\t\t\t\t\t\t<img decoding=\"async\" width=\"960\" height=\"640\" src=\"https:\/\/dreamcooking.pt\/wp-content\/uploads\/2023\/09\/AdobeStock_572521621-1-1024x683.jpeg\" class=\"attachment-large size-large wp-image-2712\" alt=\"\" srcset=\"https:\/\/dreamcooking.pt\/wp-content\/uploads\/2023\/09\/AdobeStock_572521621-1-1024x683.jpeg 1024w, https:\/\/dreamcooking.pt\/wp-content\/uploads\/2023\/09\/AdobeStock_572521621-1-300x200.jpeg 300w, https:\/\/dreamcooking.pt\/wp-content\/uploads\/2023\/09\/AdobeStock_572521621-1-768x512.jpeg 768w, https:\/\/dreamcooking.pt\/wp-content\/uploads\/2023\/09\/AdobeStock_572521621-1-1536x1024.jpeg 1536w, https:\/\/dreamcooking.pt\/wp-content\/uploads\/2023\/09\/AdobeStock_572521621-1-2048x1365.jpeg 2048w\" sizes=\"(max-width: 960px) 100vw, 960px\" \/>\t\t\t\t\t\t\t\t<\/a>\n\t\t\t\t\t\t\t\t\t\t\t\t\t\t\t<\/div>\n\t\t\t\t<\/div>\n\t\t\t\t<div class=\"elementor-element elementor-element-ffafff0 elementor-widget elementor-widget-text-editor\" data-id=\"ffafff0\" data-element_type=\"widget\" data-e-type=\"widget\" data-widget_type=\"text-editor.default\">\n\t\t\t\t<div class=\"elementor-widget-container\">\n\t\t\t\t\t\t\t\t\t<p>H\u00e1 quanto tempo n\u00e3o limpa os arm\u00e1rios da cozinha? Se n\u00e3o se lembra, \u00e9 prov\u00e1vel que j\u00e1 esteja a cometer um dos erros de limpeza.<\/p>\t\t\t\t\t\t\t\t<\/div>\n\t\t\t\t<\/div>\n\t\t\t\t<div class=\"elementor-element elementor-element-e49056e elementor-button-info elementor-align-left elementor-widget elementor-widget-button\" data-id=\"e49056e\" data-element_type=\"widget\" data-e-type=\"widget\" data-widget_type=\"button.default\">\n\t\t\t\t<div class=\"elementor-widget-container\">\n\t\t\t\t\t\t\t\t\t<div class=\"elementor-button-wrapper\">\n\t\t\t\t\t<a class=\"elementor-button elementor-button-link elementor-size-xs\" href=\"https:\/\/dreamcooking.pt\/?page_id=2709\">\n\t\t\t\t\t\t<span class=\"elementor-button-content-wrapper\">\n\t\t\t\t\t\t\t\t\t<span class=\"elementor-button-text\">Ler mais<\/span>\n\t\t\t\t\t<\/span>\n\t\t\t\t\t<\/a>\n\t\t\t\t<\/div>\n\t\t\t\t\t\t\t\t<\/div>\n\t\t\t\t<\/div>\n\t\t\t\t\t<\/div>\n\t\t<\/div>\n\t\t\t\t\t<\/div>\n\t\t<\/section>\n\t\t\t\t<section class=\"elementor-section elementor-top-section elementor-element elementor-element-90eede3 elementor-section-boxed elementor-section-height-default elementor-section-height-default wpr-particle-no wpr-jarallax-no wpr-parallax-no wpr-sticky-section-no wpr-equal-height-no\" data-id=\"90eede3\" data-element_type=\"section\" data-e-type=\"section\">\n\t\t\t\t\t\t<div class=\"elementor-container elementor-column-gap-default\">\n\t\t\t\t\t<div class=\"elementor-column elementor-col-33 elementor-top-column elementor-element elementor-element-8949ea4\" data-id=\"8949ea4\" data-element_type=\"column\" data-e-type=\"column\">\n\t\t\t<div class=\"elementor-widget-wrap elementor-element-populated\">\n\t\t\t\t\t\t<div class=\"elementor-element elementor-element-61d754f elementor-widget elementor-widget-text-editor\" data-id=\"61d754f\" data-element_type=\"widget\" data-e-type=\"widget\" data-widget_type=\"text-editor.default\">\n\t\t\t\t<div class=\"elementor-widget-container\">\n\t\t\t\t\t\t\t\t\t<p>Dicas de decora\u00e7\u00e3o<\/p>\t\t\t\t\t\t\t\t<\/div>\n\t\t\t\t<\/div>\n\t\t\t\t<div class=\"elementor-element elementor-element-11b733f elementor-widget elementor-widget-text-editor\" data-id=\"11b733f\" data-element_type=\"widget\" data-e-type=\"widget\" data-widget_type=\"text-editor.default\">\n\t\t\t\t<div class=\"elementor-widget-container\">\n\t\t\t\t\t\t\t\t\t<p>Sala-cozinha: As vantagens do open space para remodelar a casa<\/p>\t\t\t\t\t\t\t\t<\/div>\n\t\t\t\t<\/div>\n\t\t\t\t<div class=\"elementor-element elementor-element-bfa2a19 elementor-widget elementor-widget-image\" data-id=\"bfa2a19\" data-element_type=\"widget\" data-e-type=\"widget\" data-widget_type=\"image.default\">\n\t\t\t\t<div class=\"elementor-widget-container\">\n\t\t\t\t\t\t\t\t\t\t\t\t\t\t\t\t<a href=\"https:\/\/dreamcooking.pt\/?page_id=2768\">\n\t\t\t\t\t\t\t<img loading=\"lazy\" decoding=\"async\" width=\"960\" height=\"512\" src=\"https:\/\/dreamcooking.pt\/wp-content\/uploads\/2023\/11\/3d-rendering-dining-room-kitchen-with-luxury-decor-1-1024x546.jpg\" class=\"attachment-large size-large wp-image-2767\" alt=\"\" srcset=\"https:\/\/dreamcooking.pt\/wp-content\/uploads\/2023\/11\/3d-rendering-dining-room-kitchen-with-luxury-decor-1-1024x546.jpg 1024w, https:\/\/dreamcooking.pt\/wp-content\/uploads\/2023\/11\/3d-rendering-dining-room-kitchen-with-luxury-decor-1-300x160.jpg 300w, https:\/\/dreamcooking.pt\/wp-content\/uploads\/2023\/11\/3d-rendering-dining-room-kitchen-with-luxury-decor-1-768x409.jpg 768w, https:\/\/dreamcooking.pt\/wp-content\/uploads\/2023\/11\/3d-rendering-dining-room-kitchen-with-luxury-decor-1-1536x819.jpg 1536w, https:\/\/dreamcooking.pt\/wp-content\/uploads\/2023\/11\/3d-rendering-dining-room-kitchen-with-luxury-decor-1.jpg 2000w\" sizes=\"(max-width: 960px) 100vw, 960px\" \/>\t\t\t\t\t\t\t\t<\/a>\n\t\t\t\t\t\t\t\t\t\t\t\t\t\t\t<\/div>\n\t\t\t\t<\/div>\n\t\t\t\t<div class=\"elementor-element elementor-element-d52584f elementor-widget elementor-widget-text-editor\" data-id=\"d52584f\" data-element_type=\"widget\" data-e-type=\"widget\" data-widget_type=\"text-editor.default\">\n\t\t\t\t<div class=\"elementor-widget-container\">\n\t\t\t\t\t\t\t\t\t<p>A caracter\u00edstica principal do conceito de\u00a0open space \u00e9 n\u00e3o ter divis\u00f3rias entre os espa\u00e7os, conseguindo uma maior interliga\u00e7\u00e3o entre a cozinha e a sala, por exemplo.<\/p>\t\t\t\t\t\t\t\t<\/div>\n\t\t\t\t<\/div>\n\t\t\t\t<div class=\"elementor-element elementor-element-4515185 elementor-button-info elementor-align-left elementor-widget elementor-widget-button\" data-id=\"4515185\" data-element_type=\"widget\" data-e-type=\"widget\" data-widget_type=\"button.default\">\n\t\t\t\t<div class=\"elementor-widget-container\">\n\t\t\t\t\t\t\t\t\t<div class=\"elementor-button-wrapper\">\n\t\t\t\t\t<a class=\"elementor-button elementor-button-link elementor-size-xs\" href=\"https:\/\/dreamcooking.pt\/?page_id=2768\">\n\t\t\t\t\t\t<span class=\"elementor-button-content-wrapper\">\n\t\t\t\t\t\t\t\t\t<span class=\"elementor-button-text\">Ler mais<\/span>\n\t\t\t\t\t<\/span>\n\t\t\t\t\t<\/a>\n\t\t\t\t<\/div>\n\t\t\t\t\t\t\t\t<\/div>\n\t\t\t\t<\/div>\n\t\t\t\t\t<\/div>\n\t\t<\/div>\n\t\t\t\t<div class=\"elementor-column elementor-col-33 elementor-top-column elementor-element elementor-element-701e3c2\" data-id=\"701e3c2\" data-element_type=\"column\" data-e-type=\"column\">\n\t\t\t<div class=\"elementor-widget-wrap elementor-element-populated\">\n\t\t\t\t\t\t<div class=\"elementor-element elementor-element-27755d6 elementor-widget elementor-widget-text-editor\" data-id=\"27755d6\" data-element_type=\"widget\" data-e-type=\"widget\" data-widget_type=\"text-editor.default\">\n\t\t\t\t<div class=\"elementor-widget-container\">\n\t\t\t\t\t\t\t\t\t<p>Dicas de decora\u00e7\u00e3o<\/p>\t\t\t\t\t\t\t\t<\/div>\n\t\t\t\t<\/div>\n\t\t\t\t<div class=\"elementor-element elementor-element-c1fbeb2 elementor-widget elementor-widget-text-editor\" data-id=\"c1fbeb2\" data-element_type=\"widget\" data-e-type=\"widget\" data-widget_type=\"text-editor.default\">\n\t\t\t\t<div class=\"elementor-widget-container\">\n\t\t\t\t\t\t\t\t\t<p>Tipos de cozinha: Como escolher\u00a0 modelo o certo<\/p>\t\t\t\t\t\t\t\t<\/div>\n\t\t\t\t<\/div>\n\t\t\t\t<div class=\"elementor-element elementor-element-5778976 elementor-widget elementor-widget-image\" data-id=\"5778976\" data-element_type=\"widget\" data-e-type=\"widget\" data-widget_type=\"image.default\">\n\t\t\t\t<div class=\"elementor-widget-container\">\n\t\t\t\t\t\t\t\t\t\t\t\t\t\t\t\t<a href=\"https:\/\/dreamcooking.pt\/?page_id=2912\">\n\t\t\t\t\t\t\t<img loading=\"lazy\" decoding=\"async\" width=\"768\" height=\"409\" src=\"https:\/\/dreamcooking.pt\/wp-content\/uploads\/2026\/04\/Design-sem-nome-768x409.png\" class=\"attachment-medium_large size-medium_large wp-image-3083\" alt=\"\" srcset=\"https:\/\/dreamcooking.pt\/wp-content\/uploads\/2026\/04\/Design-sem-nome-768x409.png 768w, https:\/\/dreamcooking.pt\/wp-content\/uploads\/2026\/04\/Design-sem-nome-300x160.png 300w, https:\/\/dreamcooking.pt\/wp-content\/uploads\/2026\/04\/Design-sem-nome-1024x546.png 1024w, https:\/\/dreamcooking.pt\/wp-content\/uploads\/2026\/04\/Design-sem-nome-1536x819.png 1536w, https:\/\/dreamcooking.pt\/wp-content\/uploads\/2026\/04\/Design-sem-nome.png 2000w\" sizes=\"(max-width: 768px) 100vw, 768px\" \/>\t\t\t\t\t\t\t\t<\/a>\n\t\t\t\t\t\t\t\t\t\t\t\t\t\t\t<\/div>\n\t\t\t\t<\/div>\n\t\t\t\t<div class=\"elementor-element elementor-element-ffcbd0d elementor-widget elementor-widget-text-editor\" data-id=\"ffcbd0d\" data-element_type=\"widget\" data-e-type=\"widget\" data-widget_type=\"text-editor.default\">\n\t\t\t\t<div class=\"elementor-widget-container\">\n\t\t\t\t\t\t\t\t\t<p>A cozinha \u00e9 mais do que um local de preparar refei\u00e7\u00f5es. Como tal, escolher uma cozinha vai al\u00e9m da sele\u00e7\u00e3o de m\u00f3veis. Apresentamos-lhe alguns modelos existentes.<\/p>\t\t\t\t\t\t\t\t<\/div>\n\t\t\t\t<\/div>\n\t\t\t\t<div class=\"elementor-element elementor-element-64bf699 elementor-button-info elementor-align-left elementor-widget elementor-widget-button\" data-id=\"64bf699\" data-element_type=\"widget\" data-e-type=\"widget\" data-widget_type=\"button.default\">\n\t\t\t\t<div class=\"elementor-widget-container\">\n\t\t\t\t\t\t\t\t\t<div class=\"elementor-button-wrapper\">\n\t\t\t\t\t<a class=\"elementor-button elementor-button-link elementor-size-xs\" href=\"https:\/\/dreamcooking.pt\/?page_id=2912\">\n\t\t\t\t\t\t<span class=\"elementor-button-content-wrapper\">\n\t\t\t\t\t\t\t\t\t<span class=\"elementor-button-text\">Ler mais<\/span>\n\t\t\t\t\t<\/span>\n\t\t\t\t\t<\/a>\n\t\t\t\t<\/div>\n\t\t\t\t\t\t\t\t<\/div>\n\t\t\t\t<\/div>\n\t\t\t\t\t<\/div>\n\t\t<\/div>\n\t\t\t\t<div class=\"elementor-column elementor-col-33 elementor-top-column elementor-element elementor-element-d3c7365\" data-id=\"d3c7365\" data-element_type=\"column\" data-e-type=\"column\">\n\t\t\t<div class=\"elementor-widget-wrap\">\n\t\t\t\t\t\t\t<\/div>\n\t\t<\/div>\n\t\t\t\t\t<\/div>\n\t\t<\/section>\n\t\t\t\t<section class=\"elementor-section elementor-top-section elementor-element elementor-element-06fe854 elementor-section-boxed elementor-section-height-default elementor-section-height-default wpr-particle-no wpr-jarallax-no wpr-parallax-no wpr-sticky-section-no wpr-equal-height-no\" data-id=\"06fe854\" data-element_type=\"section\" data-e-type=\"section\" data-settings=\"{&quot;background_background&quot;:&quot;classic&quot;}\">\n\t\t\t\t\t\t\t<div class=\"elementor-background-overlay\"><\/div>\n\t\t\t\t\t\t\t<div class=\"elementor-container elementor-column-gap-default\">\n\t\t\t\t\t<div class=\"elementor-column elementor-col-100 elementor-top-column elementor-element elementor-element-91a468d\" data-id=\"91a468d\" data-element_type=\"column\" data-e-type=\"column\">\n\t\t\t<div class=\"elementor-widget-wrap elementor-element-populated\">\n\t\t\t\t\t\t<div class=\"elementor-element elementor-element-97e9340 elementor-widget elementor-widget-heading\" data-id=\"97e9340\" data-element_type=\"widget\" data-e-type=\"widget\" data-widget_type=\"heading.default\">\n\t\t\t\t<div class=\"elementor-widget-container\">\n\t\t\t\t\t<h2 class=\"elementor-heading-title elementor-size-default\">Transforme o seu espa\u00e7o com solu\u00e7\u00f5es \u00fanicas.<\/h2>\t\t\t\t<\/div>\n\t\t\t\t<\/div>\n\t\t\t\t<div class=\"elementor-element elementor-element-6df624d wpr-button-icon-style-inline wpr-button-icon-position-right elementor-widget elementor-widget-wpr-button\" data-id=\"6df624d\" data-element_type=\"widget\" data-e-type=\"widget\" data-widget_type=\"wpr-button.default\">\n\t\t\t\t<div class=\"elementor-widget-container\">\n\t\t\t\t\t\t\n\t\t\t\n\t\t\n\t\t<div class=\"wpr-button-wrap elementor-clearfix\">\n\t\t<a class=\"wpr-button wpr-button-effect wpr-button-none\" data-text=\"\" href=\"https:\/\/dreamcooking.pt\/?page_id=243\">\n\t\t\t\n\t\t\t<span class=\"wpr-button-content\">\n\t\t\t\t\t\t\t\t\t<span class=\"wpr-button-text\">Solicite um or\u00e7amento sem custos<\/span>\n\t\t\t\t\t\t\t\t\n\t\t\t\t\t\t\t<\/span>\n\t\t<\/a>\n\n\t\t\t\t<\/div>\n\t\n\t\n\t\t\t\t\t<\/div>\n\t\t\t\t<\/div>\n\t\t\t\t\t<\/div>\n\t\t<\/div>\n\t\t\t\t\t<\/div>\n\t\t<\/section>\n\t\t\t\t<\/div>\n\t\t","protected":false},"excerpt":{"rendered":"<p>Not\u00edcias Dicas de decora\u00e7\u00e3o Tem uma cozinha pequena? Eis algumas dicas para tirar o melhor partido Mobili\u00e1rio \u00e0 medida, arruma\u00e7\u00e3o vertical e eletrodom\u00e9sticos embutidos, s\u00e3o algumas das ideias para que possa conseguir aproveitar mais a sua cozinha. Ler mais Dicas de poupan\u00e7a Gostaria de poupar mais em casa? Apresentamos dez dicas para poupar na cozinha Fique a par de algumas dicas que podem ajudar a reduzir o valor da sua fatura de energia. Ler mais Dicas de limpeza Evite estes erros e deixe os arm\u00e1rios da cozinha a brilhar H\u00e1 quanto tempo n\u00e3o limpa os arm\u00e1rios da cozinha? Se n\u00e3o se lembra, \u00e9 prov\u00e1vel que j\u00e1 esteja a cometer um dos erros de limpeza. Ler mais Dicas de decora\u00e7\u00e3o Sala-cozinha: As vantagens do open space para remodelar a casa A caracter\u00edstica principal do conceito de\u00a0open space \u00e9 n\u00e3o ter divis\u00f3rias entre os espa\u00e7os, conseguindo uma maior interliga\u00e7\u00e3o entre a cozinha e a sala, por exemplo. Ler mais Dicas de decora\u00e7\u00e3o Tipos de cozinha: Como escolher\u00a0 modelo o certo A cozinha \u00e9 mais do que um local de preparar refei\u00e7\u00f5es. Como tal, escolher uma cozinha vai al\u00e9m da sele\u00e7\u00e3o de m\u00f3veis. Apresentamos-lhe alguns modelos existentes. Ler mais Transforme o seu espa\u00e7o com solu\u00e7\u00f5es \u00fanicas. Solicite um or\u00e7amento sem custos<\/p>\n","protected":false},"author":1,"featured_media":0,"parent":0,"menu_order":0,"comment_status":"closed","ping_status":"closed","template":"elementor_canvas","meta":{"om_disable_all_campaigns":false,"_monsterinsights_skip_tracking":false,"_monsterinsights_sitenote_active":false,"_monsterinsights_sitenote_note":"","_monsterinsights_sitenote_category":0,"_uf_show_specific_survey":0,"_uf_disable_surveys":false,"footnotes":""},"class_list":["post-1705","page","type-page","status-publish","hentry"],"aioseo_notices":[],"_links":{"self":[{"href":"https:\/\/dreamcooking.pt\/index.php?rest_route=\/wp\/v2\/pages\/1705","targetHints":{"allow":["GET"]}}],"collection":[{"href":"https:\/\/dreamcooking.pt\/index.php?rest_route=\/wp\/v2\/pages"}],"about":[{"href":"https:\/\/dreamcooking.pt\/index.php?rest_route=\/wp\/v2\/types\/page"}],"author":[{"embeddable":true,"href":"https:\/\/dreamcooking.pt\/index.php?rest_route=\/wp\/v2\/users\/1"}],"replies":[{"embeddable":true,"href":"https:\/\/dreamcooking.pt\/index.php?rest_route=%2Fwp%2Fv2%2Fcomments&post=1705"}],"version-history":[{"count":95,"href":"https:\/\/dreamcooking.pt\/index.php?rest_route=\/wp\/v2\/pages\/1705\/revisions"}],"predecessor-version":[{"id":3086,"href":"https:\/\/dreamcooking.pt\/index.php?rest_route=\/wp\/v2\/pages\/1705\/revisions\/3086"}],"wp:attachment":[{"href":"https:\/\/dreamcooking.pt\/index.php?rest_route=%2Fwp%2Fv2%2Fmedia&parent=1705"}],"curies":[{"name":"wp","href":"https:\/\/api.w.org\/{rel}","templated":true}]}}